{"id":31930,"date":"2024-10-29T17:48:06","date_gmt":"2024-10-29T16:48:06","guid":{"rendered":"https:\/\/creatinghealth.de\/bezahlmoeglichkeiten\/"},"modified":"2024-12-03T19:43:57","modified_gmt":"2024-12-03T18:43:57","slug":"payment-methods","status":"publish","type":"page","link":"https:\/\/creatinghealth.de\/en\/payment-methods\/","title":{"rendered":"Payment methods"},"content":{"rendered":"<div class=\"woocommerce woocommerce-gzd\">\n\t<ul class=\"payment_methods methods\">\n\t\t\t\t\t<li class=\"payment_method_ppcp-gateway\">\n\t\t\t\t<label>PayPal<img decoding=\"async\" class=\"h-6 w-auto !max-w-full\" src=\"https:\/\/creatinghealth.de\/wp-content\/plugins\/woocommerce-paypal-payments\/modules\/ppcp-wc-gateway\/assets\/images\/paypal.svg\" alt=\"PayPal\" \/><img decoding=\"async\" src=\"https:\/\/creatinghealth.de\/wp-content\/themes\/commit_2024\/images\/paypal-icon.png\" alt=\"PayPal\" class=\"h-6 w-auto !max-w-full\"><\/label>\n\t\t\t\t\t\t\t\t\t<div class=\"payment_box payment_method_ppcp-gateway\">\n\t\t\t\t\t\t<p>Bezahlen Sie mit Ihrem PayPal-Konto. Die Zahlung wird sofort best\u00e4tigt, und Sie genie\u00dfen den PayPal-K\u00e4uferschutz.<\/p>\n\t\t\t\t\t<\/div>\n\t\t\t\t\t\t\t<\/li>\n\t\t\t\t\t<li class=\"payment_method_ppcp-credit-card-gateway\">\n\t\t\t\t<label>Debit- und Kreditkarten<\/label>\n\t\t\t\t\t\t\t\t\t<div class=\"payment_box payment_method_ppcp-credit-card-gateway\">\n\t\t\t\t\t\t<p>Bezahle mit deiner Kreditkarte.<\/p>\n\t\t\t\t\t<\/div>\n\t\t\t\t\t\t\t<\/li>\n\t\t\t\t\t<li class=\"payment_method_invoice\">\n\t\t\t\t<label>Auf Rechnung<\/label>\n\t\t\t\t\t\t\t\t\t<div class=\"payment_box payment_method_invoice\">\n\t\t\t\t\t\t<p>Sie erhalten nach der Bestellung eine Rechnung von uns. Bitte \u00fcberweisen Sie den Gesamtbetrag innerhalb von 7 Tagen auf das dort angegebene Konto.<\/p>\n\t\t\t\t\t<\/div>\n\t\t\t\t\t\t\t<\/li>\n\t\t\t<\/ul>\n<\/div>\n","protected":false},"excerpt":{"rendered":"","protected":false},"author":597,"featured_media":0,"parent":0,"menu_order":0,"comment_status":"closed","ping_status":"closed","template":"","meta":{"_acf_changed":false,"footnotes":""},"class_list":["post-31930","page","type-page","status-publish","hentry"],"acf":[],"yoast_head":"<!-- This site is optimized with the Yoast SEO plugin v27.5 - https:\/\/yoast.com\/product\/yoast-seo-wordpress\/ -->\n<title>Payment methods | COMMIT<\/title>\n<meta name=\"robots\" content=\"index, follow, max-snippet:-1, max-image-preview:large, max-video-preview:-1\" \/>\n<link rel=\"canonical\" href=\"https:\/\/creatinghealth.de\/bezahlmoeglichkeiten\/\" \/>\n<meta property=\"og:locale\" content=\"en_US\" \/>\n<meta property=\"og:type\" content=\"article\" \/>\n<meta property=\"og:title\" content=\"Payment methods | COMMIT\" \/>\n<meta property=\"og:url\" content=\"https:\/\/creatinghealth.de\/bezahlmoeglichkeiten\/\" \/>\n<meta property=\"og:site_name\" content=\"COMMIT\" \/>\n<meta property=\"article:modified_time\" content=\"2024-12-03T18:43:57+00:00\" \/>\n<meta name=\"twitter:card\" content=\"summary_large_image\" \/>\n<meta name=\"twitter:label1\" content=\"Est. reading time\" \/>\n\t<meta name=\"twitter:data1\" content=\"1 minute\" \/>\n<script type=\"application\/ld+json\" class=\"yoast-schema-graph\">{\"@context\":\"https:\\\/\\\/schema.org\",\"@graph\":[{\"@type\":\"WebPage\",\"@id\":\"https:\\\/\\\/creatinghealth.de\\\/bezahlmoeglichkeiten\\\/\",\"url\":\"https:\\\/\\\/creatinghealth.de\\\/bezahlmoeglichkeiten\\\/\",\"name\":\"Payment methods | COMMIT\",\"isPartOf\":{\"@id\":\"https:\\\/\\\/creatinghealth.de\\\/#website\"},\"datePublished\":\"2024-10-29T16:48:06+00:00\",\"dateModified\":\"2024-12-03T18:43:57+00:00\",\"breadcrumb\":{\"@id\":\"https:\\\/\\\/creatinghealth.de\\\/bezahlmoeglichkeiten\\\/#breadcrumb\"},\"inLanguage\":\"en-US\",\"potentialAction\":[{\"@type\":\"ReadAction\",\"target\":[\"https:\\\/\\\/creatinghealth.de\\\/bezahlmoeglichkeiten\\\/\"]}]},{\"@type\":\"BreadcrumbList\",\"@id\":\"https:\\\/\\\/creatinghealth.de\\\/bezahlmoeglichkeiten\\\/#breadcrumb\",\"itemListElement\":[{\"@type\":\"ListItem\",\"position\":1,\"name\":\"Startseite\",\"item\":\"https:\\\/\\\/creatinghealth.de\\\/en\\\/\"},{\"@type\":\"ListItem\",\"position\":2,\"name\":\"Payment methods\"}]},{\"@type\":\"WebSite\",\"@id\":\"https:\\\/\\\/creatinghealth.de\\\/#website\",\"url\":\"https:\\\/\\\/creatinghealth.de\\\/\",\"name\":\"COMMIT\",\"description\":\"THE FUTURE OF HEALTH IS NOW\",\"publisher\":{\"@id\":\"https:\\\/\\\/creatinghealth.de\\\/#organization\"},\"potentialAction\":[{\"@type\":\"SearchAction\",\"target\":{\"@type\":\"EntryPoint\",\"urlTemplate\":\"https:\\\/\\\/creatinghealth.de\\\/?s={search_term_string}\"},\"query-input\":{\"@type\":\"PropertyValueSpecification\",\"valueRequired\":true,\"valueName\":\"search_term_string\"}}],\"inLanguage\":\"en-US\"},{\"@type\":\"Organization\",\"@id\":\"https:\\\/\\\/creatinghealth.de\\\/#organization\",\"name\":\"COMMIT\",\"url\":\"https:\\\/\\\/creatinghealth.de\\\/\",\"logo\":{\"@type\":\"ImageObject\",\"inLanguage\":\"en-US\",\"@id\":\"https:\\\/\\\/creatinghealth.de\\\/#\\\/schema\\\/logo\\\/image\\\/\",\"url\":\"https:\\\/\\\/creatinghealth.de\\\/wp-content\\\/uploads\\\/2024\\\/08\\\/logo.webp\",\"contentUrl\":\"https:\\\/\\\/creatinghealth.de\\\/wp-content\\\/uploads\\\/2024\\\/08\\\/logo.webp\",\"width\":488,\"height\":138,\"caption\":\"COMMIT\"},\"image\":{\"@id\":\"https:\\\/\\\/creatinghealth.de\\\/#\\\/schema\\\/logo\\\/image\\\/\"}}]}<\/script>\n<!-- \/ Yoast SEO plugin. -->","yoast_head_json":{"title":"Payment methods | COMMIT","robots":{"index":"index","follow":"follow","max-snippet":"max-snippet:-1","max-image-preview":"max-image-preview:large","max-video-preview":"max-video-preview:-1"},"canonical":"https:\/\/creatinghealth.de\/bezahlmoeglichkeiten\/","og_locale":"en_US","og_type":"article","og_title":"Payment methods | COMMIT","og_url":"https:\/\/creatinghealth.de\/bezahlmoeglichkeiten\/","og_site_name":"COMMIT","article_modified_time":"2024-12-03T18:43:57+00:00","twitter_card":"summary_large_image","twitter_misc":{"Est. reading time":"1 minute"},"schema":{"@context":"https:\/\/schema.org","@graph":[{"@type":"WebPage","@id":"https:\/\/creatinghealth.de\/bezahlmoeglichkeiten\/","url":"https:\/\/creatinghealth.de\/bezahlmoeglichkeiten\/","name":"Payment methods | COMMIT","isPartOf":{"@id":"https:\/\/creatinghealth.de\/#website"},"datePublished":"2024-10-29T16:48:06+00:00","dateModified":"2024-12-03T18:43:57+00:00","breadcrumb":{"@id":"https:\/\/creatinghealth.de\/bezahlmoeglichkeiten\/#breadcrumb"},"inLanguage":"en-US","potentialAction":[{"@type":"ReadAction","target":["https:\/\/creatinghealth.de\/bezahlmoeglichkeiten\/"]}]},{"@type":"BreadcrumbList","@id":"https:\/\/creatinghealth.de\/bezahlmoeglichkeiten\/#breadcrumb","itemListElement":[{"@type":"ListItem","position":1,"name":"Startseite","item":"https:\/\/creatinghealth.de\/en\/"},{"@type":"ListItem","position":2,"name":"Payment methods"}]},{"@type":"WebSite","@id":"https:\/\/creatinghealth.de\/#website","url":"https:\/\/creatinghealth.de\/","name":"COMMIT","description":"THE FUTURE OF HEALTH IS NOW","publisher":{"@id":"https:\/\/creatinghealth.de\/#organization"},"potentialAction":[{"@type":"SearchAction","target":{"@type":"EntryPoint","urlTemplate":"https:\/\/creatinghealth.de\/?s={search_term_string}"},"query-input":{"@type":"PropertyValueSpecification","valueRequired":true,"valueName":"search_term_string"}}],"inLanguage":"en-US"},{"@type":"Organization","@id":"https:\/\/creatinghealth.de\/#organization","name":"COMMIT","url":"https:\/\/creatinghealth.de\/","logo":{"@type":"ImageObject","inLanguage":"en-US","@id":"https:\/\/creatinghealth.de\/#\/schema\/logo\/image\/","url":"https:\/\/creatinghealth.de\/wp-content\/uploads\/2024\/08\/logo.webp","contentUrl":"https:\/\/creatinghealth.de\/wp-content\/uploads\/2024\/08\/logo.webp","width":488,"height":138,"caption":"COMMIT"},"image":{"@id":"https:\/\/creatinghealth.de\/#\/schema\/logo\/image\/"}}]}},"_links":{"self":[{"href":"https:\/\/creatinghealth.de\/en\/wp-json\/wp\/v2\/pages\/31930","targetHints":{"allow":["GET"]}}],"collection":[{"href":"https:\/\/creatinghealth.de\/en\/wp-json\/wp\/v2\/pages"}],"about":[{"href":"https:\/\/creatinghealth.de\/en\/wp-json\/wp\/v2\/types\/page"}],"author":[{"embeddable":true,"href":"https:\/\/creatinghealth.de\/en\/wp-json\/wp\/v2\/users\/597"}],"replies":[{"embeddable":true,"href":"https:\/\/creatinghealth.de\/en\/wp-json\/wp\/v2\/comments?post=31930"}],"version-history":[{"count":1,"href":"https:\/\/creatinghealth.de\/en\/wp-json\/wp\/v2\/pages\/31930\/revisions"}],"predecessor-version":[{"id":31931,"href":"https:\/\/creatinghealth.de\/en\/wp-json\/wp\/v2\/pages\/31930\/revisions\/31931"}],"wp:attachment":[{"href":"https:\/\/creatinghealth.de\/en\/wp-json\/wp\/v2\/media?parent=31930"}],"curies":[{"name":"wp","href":"https:\/\/api.w.org\/{rel}","templated":true}]}}